{"id":30,"date":"2020-02-23T20:07:32","date_gmt":"2020-02-23T20:07:32","guid":{"rendered":"http:\/\/www.domikonnowica.dom-a.pl\/?page_id=30"},"modified":"2023-11-12T19:19:30","modified_gmt":"2023-11-12T19:19:30","slug":"oferta","status":"publish","type":"page","link":"https:\/\/www.domikonnowica.pl\/?page_id=30","title":{"rendered":"OFERTA"},"content":{"rendered":"\n<div style=\"height:20px\" aria-hidden=\"true\" class=\"wp-block-spacer\"><\/div>\n\n\n\n<ul class=\"wp-block-list\">\n<li>Dom Ikon :<\/li>\n<\/ul>\n\n\n\n<p>* Pi\u0119\u0107 pokoi &#8211; dwuosobowych lub trzyosobowych, ka\u017cdy pok\u00f3j ma w\u0142asn\u0105 \u0142azienk\u0119. <\/p>\n\n\n\n<p>* W sumie 12 miejsc.<\/p>\n\n\n\n<p>&#8211; pok\u00f3j dwuosobowy z \u0142azienk\u0105 &#8211; 120 z\u0142\/doba<\/p>\n\n\n\n<p>&#8211; pok\u00f3j trzyosobowy z \u0142azienk\u0105 &#8211; 150 z\u0142\/doba<\/p>\n\n\n\n<p>&#8211; wynajem ca\u0142ego domu &#8211; 600 z\u0142\/doba<\/p>\n\n\n\n<p>* W zimie domek wynajmujemy dla minimum sze\u015bciu os\u00f3b na osobne pokoje lub wynajem ca\u0142ego domu &#8211; inaczej jest to nieop\u0142acalne ze wzgl\u0119d\u00f3w ogrzewania.<\/p>\n\n\n\n<ul class=\"wp-block-list\">\n<li>SAREPTA<\/li>\n<\/ul>\n\n\n\n<p>* Dziesi\u0119\u0107 pokoi &#8211; od 1 do 10 osobowych, nie wszystkie pokoje maj\u0105 w\u0142asn\u0105 \u0142azienk\u0119.<\/p>\n\n\n\n<p>* W sumie 60 miejsc.<\/p>\n\n\n\n<p>&#8211; osoba doros\u0142a &#8211; 40 z\u0142\/doba,<\/p>\n\n\n\n<p>&#8211; dziecko &#8211; 30 z\u0142\/doba, <\/p>\n","protected":false},"excerpt":{"rendered":"<p>* Pi\u0119\u0107 pokoi &#8211; dwuosobowych lub trzyosobowych, ka\u017cdy pok\u00f3j ma w\u0142asn\u0105 \u0142azienk\u0119. * W sumie 12 miejsc. &#8211; pok\u00f3j dwuosobowy z \u0142azienk\u0105 &#8211; 120 z\u0142\/doba &#8211; pok\u00f3j trzyosobowy z \u0142azienk\u0105 &#8211; 150 z\u0142\/doba &#8211; wynajem ca\u0142ego domu &#8211; 600 z\u0142\/doba * W zimie domek wynajmujemy dla minimum sze\u015bciu os\u00f3b na osobne pokoje lub wynajem ca\u0142ego [&hellip;]<\/p>\n","protected":false},"author":1,"featured_media":0,"parent":0,"menu_order":0,"comment_status":"closed","ping_status":"closed","template":"","meta":{"footnotes":""},"class_list":["post-30","page","type-page","status-publish","hentry"],"_links":{"self":[{"href":"https:\/\/www.domikonnowica.pl\/index.php?rest_route=\/wp\/v2\/pages\/30","targetHints":{"allow":["GET"]}}],"collection":[{"href":"https:\/\/www.domikonnowica.pl\/index.php?rest_route=\/wp\/v2\/pages"}],"about":[{"href":"https:\/\/www.domikonnowica.pl\/index.php?rest_route=\/wp\/v2\/types\/page"}],"author":[{"embeddable":true,"href":"https:\/\/www.domikonnowica.pl\/index.php?rest_route=\/wp\/v2\/users\/1"}],"replies":[{"embeddable":true,"href":"https:\/\/www.domikonnowica.pl\/index.php?rest_route=%2Fwp%2Fv2%2Fcomments&post=30"}],"version-history":[{"count":12,"href":"https:\/\/www.domikonnowica.pl\/index.php?rest_route=\/wp\/v2\/pages\/30\/revisions"}],"predecessor-version":[{"id":390,"href":"https:\/\/www.domikonnowica.pl\/index.php?rest_route=\/wp\/v2\/pages\/30\/revisions\/390"}],"wp:attachment":[{"href":"https:\/\/www.domikonnowica.pl\/index.php?rest_route=%2Fwp%2Fv2%2Fmedia&parent=30"}],"curies":[{"name":"wp","href":"https:\/\/api.w.org\/{rel}","templated":true}]}}